{"id":14,"date":"2019-06-13T14:56:35","date_gmt":"2019-06-13T12:56:35","guid":{"rendered":"https:\/\/www.jardifruits.ca\/?page_id=14"},"modified":"2023-08-02T16:43:25","modified_gmt":"2023-08-02T14:43:25","slug":"qui-sommes-nous","status":"publish","type":"page","link":"https:\/\/www.jardifruits.ca\/","title":{"rendered":"Qui sommes-nous?"},"content":{"rendered":"\n<figure class=\"wp-block-image\"><img loading=\"lazy\" decoding=\"async\" width=\"1024\" height=\"560\" src=\"https:\/\/www.jardifruits.ca\/wp-content\/uploads\/2019\/06\/quisommesnous-1024x560.jpg\" alt=\"\" class=\"wp-image-93\" srcset=\"https:\/\/www.jardifruits.ca\/wp-content\/uploads\/2019\/06\/quisommesnous-1024x560.jpg 1024w, https:\/\/www.jardifruits.ca\/wp-content\/uploads\/2019\/06\/quisommesnous-300x164.jpg 300w, https:\/\/www.jardifruits.ca\/wp-content\/uploads\/2019\/06\/quisommesnous-768x420.jpg 768w, https:\/\/www.jardifruits.ca\/wp-content\/uploads\/2019\/06\/quisommesnous-1140x623.jpg 1140w\" sizes=\"auto, (max-width: 1024px) 100vw, 1024px\" \/><\/figure>\n\n\n\n<p>Depuis pr\u00e8s de 20 ans, Carmen et Robert Roarke cultivent sur leur terre\nancestrale des aliments sans pesticides ni produits chimiques, mettant en\napplication plusieurs principes de l&#8217;agriculture biodynamique. <\/p>\n\n\n\n<p>Les Jardi-fruits d&#8217;antan, c&#8217;est une petite ferme grandeur nature, \u00e0 \u00e9chelle humaine, en harmonie avec les saisons, les insectes, l&#8217;environnement et les animaux. <\/p>\n\n\n\n<p>Le kiosque offre une grande vari\u00e9t\u00e9 de fruits et l\u00e9gumes frais, du sirop d&#8217;\u00e9rable et de bouleau, et des \u0153ufs. Comme nous avons une toute petite \u00e9quipe, nous vous demandons de prendre rendez-vous par t\u00e9l\u00e9phone ou par courriel avant de nous rendre visite. Merci!<\/p>\n","protected":false},"excerpt":{"rendered":"<p>Depuis pr\u00e8s de 20 ans, Carmen et Robert Roarke cultivent sur leur terre ancestrale des aliments sans pesticides ni produits chimiques, mettant en application plusieurs principes de l&#8217;agriculture biodynamique. Les Jardi-fruits d&#8217;antan, c&#8217;est une petite ferme grandeur nature, \u00e0 \u00e9chelle humaine, en harmonie avec les saisons, les insectes, l&#8217;environnement et les animaux. Le kiosque offre une grande vari\u00e9t\u00e9 de fruits et l\u00e9gumes frais, du sirop d&#8217;\u00e9rable et de bouleau, et des \u0153ufs. Comme nous avons une toute petite \u00e9quipe, nous vous demandons de prendre rendez-vous par t\u00e9l\u00e9phone ou par courriel avant de nous rendre visite. Merci!<\/p>\n","protected":false},"author":1,"featured_media":0,"parent":0,"menu_order":0,"comment_status":"closed","ping_status":"closed","template":"","meta":{"footnotes":""},"class_list":["post-14","page","type-page","status-publish","hentry"],"_links":{"self":[{"href":"https:\/\/www.jardifruits.ca\/index.php?rest_route=\/wp\/v2\/pages\/14","targetHints":{"allow":["GET"]}}],"collection":[{"href":"https:\/\/www.jardifruits.ca\/index.php?rest_route=\/wp\/v2\/pages"}],"about":[{"href":"https:\/\/www.jardifruits.ca\/index.php?rest_route=\/wp\/v2\/types\/page"}],"author":[{"embeddable":true,"href":"https:\/\/www.jardifruits.ca\/index.php?rest_route=\/wp\/v2\/users\/1"}],"replies":[{"embeddable":true,"href":"https:\/\/www.jardifruits.ca\/index.php?rest_route=%2Fwp%2Fv2%2Fcomments&post=14"}],"version-history":[{"count":7,"href":"https:\/\/www.jardifruits.ca\/index.php?rest_route=\/wp\/v2\/pages\/14\/revisions"}],"predecessor-version":[{"id":119,"href":"https:\/\/www.jardifruits.ca\/index.php?rest_route=\/wp\/v2\/pages\/14\/revisions\/119"}],"wp:attachment":[{"href":"https:\/\/www.jardifruits.ca\/index.php?rest_route=%2Fwp%2Fv2%2Fmedia&parent=14"}],"curies":[{"name":"wp","href":"https:\/\/api.w.org\/{rel}","templated":true}]}}