{"id":18,"date":"2019-06-13T14:58:07","date_gmt":"2019-06-13T12:58:07","guid":{"rendered":"https:\/\/www.jardifruits.ca\/?page_id=18"},"modified":"2023-08-02T16:44:27","modified_gmt":"2023-08-02T14:44:27","slug":"devenir-supporter","status":"publish","type":"page","link":"https:\/\/www.jardifruits.ca\/?page_id=18","title":{"rendered":"Devenir  \u00ab supporter \u00bb"},"content":{"rendered":"\n<figure class=\"wp-block-image\"><img loading=\"lazy\" decoding=\"async\" width=\"1024\" height=\"430\" src=\"https:\/\/www.jardifruits.ca\/wp-content\/uploads\/2019\/06\/minisupporters-1-1024x430.jpg\" alt=\"\" class=\"wp-image-86\" srcset=\"https:\/\/www.jardifruits.ca\/wp-content\/uploads\/2019\/06\/minisupporters-1-1024x430.jpg 1024w, https:\/\/www.jardifruits.ca\/wp-content\/uploads\/2019\/06\/minisupporters-1-300x126.jpg 300w, https:\/\/www.jardifruits.ca\/wp-content\/uploads\/2019\/06\/minisupporters-1-768x322.jpg 768w, https:\/\/www.jardifruits.ca\/wp-content\/uploads\/2019\/06\/minisupporters-1-1140x479.jpg 1140w\" sizes=\"auto, (max-width: 1024px) 100vw, 1024px\" \/><\/figure>\n\n\n\n<p>Manger sainement et encourager l\u2019achat local font partie de vos priorit\u00e9s? En versant un montant de 100$ ou de 200$ en d\u00e9but de saison, vous nous aidez \u00e0 couvrir les d\u00e9penses reli\u00e9es au d\u00e9marrage (achat de semences, de terreau, etc.).&nbsp; <\/p>\n\n\n\n<p>Pour adh\u00e9rer, prenez rendez-vous et pr\u00e9sentez-vous au kiosque avec en poche le montant correspondant au bon d&#8217;achat d\u00e9sir\u00e9 (argent comptant seulement). <\/p>\n\n\n\n<p>Ensuite, chaque fois que vous passerez \u00e0 la ferme pour acheter vos fruits et l\u00e9gumes, nous d\u00e9duirons les d\u00e9penses de votre bon d&#8217;achat. C\u2019est simple et rapide!<\/p>\n","protected":false},"excerpt":{"rendered":"<p>Manger sainement et encourager l\u2019achat local font partie de vos priorit\u00e9s? En versant un montant de 100$ ou de 200$ en d\u00e9but de saison, vous nous aidez \u00e0 couvrir les d\u00e9penses reli\u00e9es au d\u00e9marrage (achat de semences, de terreau, etc.).&nbsp; Pour adh\u00e9rer, prenez rendez-vous et pr\u00e9sentez-vous au kiosque avec en poche le montant correspondant au bon d&#8217;achat d\u00e9sir\u00e9 (argent comptant seulement). Ensuite, chaque fois que vous passerez \u00e0 la ferme pour acheter vos fruits et l\u00e9gumes, nous d\u00e9duirons les d\u00e9penses de votre bon d&#8217;achat. C\u2019est simple et rapide!<\/p>\n","protected":false},"author":1,"featured_media":0,"parent":0,"menu_order":0,"comment_status":"closed","ping_status":"closed","template":"","meta":{"footnotes":""},"class_list":["post-18","page","type-page","status-publish","hentry"],"_links":{"self":[{"href":"https:\/\/www.jardifruits.ca\/index.php?rest_route=\/wp\/v2\/pages\/18","targetHints":{"allow":["GET"]}}],"collection":[{"href":"https:\/\/www.jardifruits.ca\/index.php?rest_route=\/wp\/v2\/pages"}],"about":[{"href":"https:\/\/www.jardifruits.ca\/index.php?rest_route=\/wp\/v2\/types\/page"}],"author":[{"embeddable":true,"href":"https:\/\/www.jardifruits.ca\/index.php?rest_route=\/wp\/v2\/users\/1"}],"replies":[{"embeddable":true,"href":"https:\/\/www.jardifruits.ca\/index.php?rest_route=%2Fwp%2Fv2%2Fcomments&post=18"}],"version-history":[{"count":6,"href":"https:\/\/www.jardifruits.ca\/index.php?rest_route=\/wp\/v2\/pages\/18\/revisions"}],"predecessor-version":[{"id":120,"href":"https:\/\/www.jardifruits.ca\/index.php?rest_route=\/wp\/v2\/pages\/18\/revisions\/120"}],"wp:attachment":[{"href":"https:\/\/www.jardifruits.ca\/index.php?rest_route=%2Fwp%2Fv2%2Fmedia&parent=18"}],"curies":[{"name":"wp","href":"https:\/\/api.w.org\/{rel}","templated":true}]}}