{"id":20,"date":"2019-06-13T14:58:59","date_gmt":"2019-06-13T12:58:59","guid":{"rendered":"https:\/\/www.jardifruits.ca\/?page_id=20"},"modified":"2024-06-10T16:18:01","modified_gmt":"2024-06-10T14:18:01","slug":"infos-pratiques","status":"publish","type":"page","link":"https:\/\/www.jardifruits.ca\/?page_id=20","title":{"rendered":"Infos pratiques"},"content":{"rendered":"\n<h2 class=\"wp-block-heading\">Heures\nd&#8217;ouverture<\/h2>\n\n\n\n<p>Le kiosque est ouvert de juin \u00e0 septembre, du <strong>mercredi au dimanche de 10 h \u00e0 17 h<\/strong>. Pour nous visiter en dehors des heures d&#8217;ouverture, appelez-nous au (819) 846-4921 pour prendre rendez-vous!<\/p>\n\n\n\n<p><\/p>\n\n\n\n<h2 class=\"wp-block-heading\">Adresse<\/h2>\n\n\n\n<p>555 Chemin Roarke<br>Saint-Denis-de-Brompton, QC <br>J0B 2P0<\/p>\n\n\n\n<iframe loading=\"lazy\" src=\"https:\/\/www.google.com\/maps\/embed?pb=!1m14!1m8!1m3!1d11196.627856689864!2d-72.068179!3d45.446493!3m2!1i1024!2i768!4f13.1!3m3!1m2!1s0x4cb7cbacbee78b71%3A0x6057ff6f0bab19e5!2s555+Chemin+Roarke%2C+Saint-Denis-de-Brompton%2C+QC+J0B+2P0!5e0!3m2!1sen!2sca!4v1560439795179!5m2!1sen!2sca\" style=\"border:0\" allowfullscreen=\"\" width=\"400\" height=\"300\" frameborder=\"0\"><\/iframe>\n\n\n\n<p>Le kiosque est au bout du Chemin Roarke, via le Chemin du Moulin, accessible \u00e0 partir des routes 222 et 249.<\/p>\n\n\n\n<h2 class=\"wp-block-heading\">Infolettre<\/h2>\n\n\n\n<p>Inscrivez-vous \u00e0 notre infolettre pour recevoir des nouvelles de la ferme, un aper\u00e7u des produits disponibles et des id\u00e9es de recettes pour les incorporer dans des plats simples et d\u00e9licieux!<\/p>\n\n\n\n<div id=\"mc_embed_signup\">\n<form action=\"https:\/\/jardifruits.us3.list-manage.com\/subscribe\/post?u=6c92b7ad624471597c0db2ba2&amp;id=96eecde4e5\" method=\"post\" id=\"mc-embedded-subscribe-form\" name=\"mc-embedded-subscribe-form\" class=\"validate\" target=\"_blank\" novalidate=\"\">\n    <div id=\"mc_embed_signup_scroll\">\n\t\n\t<input type=\"email\" value=\"\" name=\"EMAIL\" class=\"email\" id=\"mce-EMAIL\" placeholder=\"Adresse courriel\" required=\"\">\n    <!-- real people should not fill this in and expect good things - do not remove this or risk form bot signups-->\n    <div style=\"position: absolute; left: -5000px;\" aria-hidden=\"true\"><input type=\"text\" name=\"b_6c92b7ad624471597c0db2ba2_96eecde4e5\" tabindex=\"-1\" value=\"\"><\/div>\n    <div class=\"clear\"><input type=\"submit\" value=\"Soumettre\" name=\"subscribe\" id=\"mc-embedded-subscribe\" class=\"button\"><\/div>\n    <\/div>\n<\/form>\n<\/div>\n\n\n\n<p> <link href=\"\/\/cdn-images.mailchimp.com\/embedcode\/horizontal-slim-10_7.css\" rel=\"stylesheet\" type=\"text\/css\"> <style type=\"text\/css\"> #mc_embed_signup{background:#fff; clear:left; font:14px Helvetica,Arial,sans-serif; width:100%;} \/* Add your own Mailchimp form style overrides in your site stylesheet or in this style block.    We recommend moving this block and the preceding CSS link to the HEAD of your HTML file. *\/ <\/style><\/p>\n\n\n\n<h2 class=\"wp-block-heading\">Paiements<\/h2>\n\n\n\n<p>Nous acceptons l&#8217;argent comptant seulement.<\/p>\n","protected":false},"excerpt":{"rendered":"<p>Heures d&#8217;ouverture Le kiosque est ouvert de juin \u00e0 septembre, du mercredi au dimanche de 10 h \u00e0 17 h. Pour nous visiter en dehors des heures d&#8217;ouverture, appelez-nous au (819) 846-4921 pour prendre rendez-vous! Adresse 555 Chemin RoarkeSaint-Denis-de-Brompton, QC J0B 2P0 Le kiosque est au bout du Chemin Roarke, via le Chemin du Moulin, accessible \u00e0 partir des routes 222 et 249. Infolettre Inscrivez-vous \u00e0 notre infolettre pour recevoir des nouvelles de la ferme, un aper\u00e7u des produits disponibles et des id\u00e9es de recettes pour les incorporer dans des plats simples et d\u00e9licieux! Paiements Nous acceptons l&#8217;argent comptant seulement.<\/p>\n","protected":false},"author":1,"featured_media":0,"parent":0,"menu_order":0,"comment_status":"closed","ping_status":"closed","template":"","meta":{"footnotes":""},"class_list":["post-20","page","type-page","status-publish","hentry"],"_links":{"self":[{"href":"https:\/\/www.jardifruits.ca\/index.php?rest_route=\/wp\/v2\/pages\/20","targetHints":{"allow":["GET"]}}],"collection":[{"href":"https:\/\/www.jardifruits.ca\/index.php?rest_route=\/wp\/v2\/pages"}],"about":[{"href":"https:\/\/www.jardifruits.ca\/index.php?rest_route=\/wp\/v2\/types\/page"}],"author":[{"embeddable":true,"href":"https:\/\/www.jardifruits.ca\/index.php?rest_route=\/wp\/v2\/users\/1"}],"replies":[{"embeddable":true,"href":"https:\/\/www.jardifruits.ca\/index.php?rest_route=%2Fwp%2Fv2%2Fcomments&post=20"}],"version-history":[{"count":17,"href":"https:\/\/www.jardifruits.ca\/index.php?rest_route=\/wp\/v2\/pages\/20\/revisions"}],"predecessor-version":[{"id":132,"href":"https:\/\/www.jardifruits.ca\/index.php?rest_route=\/wp\/v2\/pages\/20\/revisions\/132"}],"wp:attachment":[{"href":"https:\/\/www.jardifruits.ca\/index.php?rest_route=%2Fwp%2Fv2%2Fmedia&parent=20"}],"curies":[{"name":"wp","href":"https:\/\/api.w.org\/{rel}","templated":true}]}}